{"id":4649,"date":"2024-02-29T12:39:09","date_gmt":"2024-02-29T11:39:09","guid":{"rendered":"https:\/\/deens.silagesafe.nl\/?page_id=4649"},"modified":"2025-11-21T00:04:13","modified_gmt":"2025-11-20T23:04:13","slug":"ansvarsfraskrivelse","status":"publish","type":"page","link":"https:\/\/silagesafe.dk\/sv\/ansvarsfraskrivelse\/","title":{"rendered":"Ansvarsfraskrivelse"},"content":{"rendered":"<div data-elementor-type=\"wp-page\" data-elementor-id=\"4649\" class=\"elementor elementor-4649\" data-elementor-post-type=\"page\">\n\t\t\t\t\t\t<section class=\"elementor-section elementor-top-section elementor-element elementor-element-b2bf295 elementor-section-boxed elementor-section-height-default elementor-section-height-default\" data-id=\"b2bf295\" data-element_type=\"section\" data-e-type=\"section\">\n\t\t\t\t\t\t<div class=\"elementor-container elementor-column-gap-default\">\n\t\t\t\t\t<div class=\"elementor-column elementor-col-100 elementor-top-column elementor-element elementor-element-8fd9dcf\" data-id=\"8fd9dcf\" data-element_type=\"column\" data-e-type=\"column\">\n\t\t\t<div class=\"elementor-widget-wrap elementor-element-populated\">\n\t\t\t\t\t\t<div class=\"elementor-element elementor-element-c54905f elementor-widget elementor-widget-text-editor\" data-id=\"c54905f\" data-element_type=\"widget\" data-e-type=\"widget\" data-widget_type=\"text-editor.default\">\n\t\t\t\t<div class=\"elementor-widget-container\">\n\t\t\t\t\t\t\t\t\t<p>Oplysningerne p\u00e5 dette websted er indsamlet med den st\u00f8rste omhu og opm\u00e6rksomhed. Ikke desto mindre kan Silage Safe ikke garantere n\u00f8jagtigheden eller fuldst\u00e6ndigheden af oplysningerne. Der kan ikke udledes nogen rettigheder af de givne oplysninger. Silage Safe p\u00e5tager sig intet ansvar for un\u00f8jagtigheder eller udeladelser p\u00e5 dette websted.<\/p><p>Dette websted indeholder links til eksterne websteder. Silage Safe er ikke ansvarlig for indholdet p\u00e5 disse websteder.<\/p><p>Silage Safe ejer alle intellektuelle ejendomsrettigheder og licenser til disse rettigheder til alle publikationer p\u00e5 webstedet. Ingen del af dette websted m\u00e5 reproduceres, lagres i et s\u00f8gesystem eller videregives i nogen form eller p\u00e5 nogen m\u00e5de, hverken elektronisk, mekanisk, ved fotokopiering, optagelse eller p\u00e5 anden m\u00e5de.<\/p><p>Hvis du finder oplysninger p\u00e5 dette websted, som du mener er forkerte eller ufuldst\u00e6ndige, vil vi naturligvis gerne h\u00f8re om det. Giv os gerne besked ved at sende en e-mail.<\/p><p>Denne ansvarsfraskrivelse kan \u00e6ndres af Silage Safe. (Dato for sidste \u00e6ndring<span style=\"color: var( --e-global-color-primary ); font-family: var( --e-global-typography-b2ce6af-font-family ), Sans-serif; font-size: var( --e-global-typography-b2ce6af-font-size ); font-style: var( --e-global-typography-b2ce6af-font-style ); font-weight: var( --e-global-typography-b2ce6af-font-weight ); letter-spacing: var( --e-global-typography-b2ce6af-letter-spacing ); text-transform: var( --e-global-typography-b2ce6af-text-transform ); word-spacing: var( --e-global-typography-b2ce6af-word-spacing );\">: 29-02-2024)<\/span><\/p>\t\t\t\t\t\t\t\t<\/div>\n\t\t\t\t<\/div>\n\t\t\t\t\t<\/div>\n\t\t<\/div>\n\t\t\t\t\t<\/div>\n\t\t<\/section>\n\t\t\t\t<\/div>","protected":false},"excerpt":{"rendered":"<p>Oplysningerne p\u00e5 dette websted er indsamlet med den st\u00f8rste omhu og opm\u00e6rksomhed. Ikke desto mindre kan Silage Safe ikke garantere n\u00f8jagtigheden eller fuldst\u00e6ndigheden af oplysningerne. Der kan ikke udledes nogen rettigheder af de givne oplysninger. Silage Safe p\u00e5tager sig intet ansvar for un\u00f8jagtigheder eller udeladelser p\u00e5 dette websted. Dette websted indeholder links til eksterne websteder. [&hellip;]<\/p>\n","protected":false},"author":1,"featured_media":0,"parent":0,"menu_order":0,"comment_status":"closed","ping_status":"closed","template":"elementor_header_footer","meta":{"_joinchat":[],"footnotes":""},"class_list":["post-4649","page","type-page","status-publish","hentry"],"yoast_head":"<!-- This site is optimized with the Yoast SEO plugin v27.2 - https:\/\/yoast.com\/product\/yoast-seo-wordpress\/ -->\n<title>Ansvarsfraskrivelse - Silage Safe Denmark<\/title>\n<meta name=\"robots\" content=\"index, follow, max-snippet:-1, max-image-preview:large, max-video-preview:-1\" \/>\n<link rel=\"canonical\" href=\"https:\/\/silagesafe.dk\/sv\/ansvarsfraskrivelse\/\" \/>\n<meta property=\"og:locale\" content=\"sv_SE\" \/>\n<meta property=\"og:type\" content=\"article\" \/>\n<meta property=\"og:title\" content=\"Ansvarsfraskrivelse - Silage Safe Denmark\" \/>\n<meta property=\"og:description\" content=\"Oplysningerne p\u00e5 dette websted er indsamlet med den st\u00f8rste omhu og opm\u00e6rksomhed. Ikke desto mindre kan Silage Safe ikke garantere n\u00f8jagtigheden eller fuldst\u00e6ndigheden af oplysningerne. Der kan ikke udledes nogen rettigheder af de givne oplysninger. Silage Safe p\u00e5tager sig intet ansvar for un\u00f8jagtigheder eller udeladelser p\u00e5 dette websted. Dette websted indeholder links til eksterne websteder. [&hellip;]\" \/>\n<meta property=\"og:url\" content=\"https:\/\/silagesafe.dk\/sv\/ansvarsfraskrivelse\/\" \/>\n<meta property=\"og:site_name\" content=\"Silage Safe Denmark\" \/>\n<meta property=\"article:modified_time\" content=\"2025-11-20T23:04:13+00:00\" \/>\n<meta name=\"twitter:card\" content=\"summary_large_image\" \/>\n<meta name=\"twitter:label1\" content=\"Ber\u00e4knad l\u00e4stid\" \/>\n\t<meta name=\"twitter:data1\" content=\"1 minute\" \/>\n<script type=\"application\/ld+json\" class=\"yoast-schema-graph\">{\"@context\":\"https:\/\/schema.org\",\"@graph\":[{\"@type\":\"WebPage\",\"@id\":\"https:\/\/silagesafe.dk\/ansvarsfraskrivelse\/\",\"url\":\"https:\/\/silagesafe.dk\/ansvarsfraskrivelse\/\",\"name\":\"Ansvarsfraskrivelse - Silage Safe Denmark\",\"isPartOf\":{\"@id\":\"https:\/\/silagesafe.dk\/#website\"},\"datePublished\":\"2024-02-29T11:39:09+00:00\",\"dateModified\":\"2025-11-20T23:04:13+00:00\",\"breadcrumb\":{\"@id\":\"https:\/\/silagesafe.dk\/ansvarsfraskrivelse\/#breadcrumb\"},\"inLanguage\":\"sv-SE\",\"potentialAction\":[{\"@type\":\"ReadAction\",\"target\":[\"https:\/\/silagesafe.dk\/ansvarsfraskrivelse\/\"]}]},{\"@type\":\"BreadcrumbList\",\"@id\":\"https:\/\/silagesafe.dk\/ansvarsfraskrivelse\/#breadcrumb\",\"itemListElement\":[{\"@type\":\"ListItem\",\"position\":1,\"name\":\"Home\",\"item\":\"https:\/\/silagesafe.dk\/\"},{\"@type\":\"ListItem\",\"position\":2,\"name\":\"Ansvarsfraskrivelse\"}]},{\"@type\":\"WebSite\",\"@id\":\"https:\/\/silagesafe.dk\/#website\",\"url\":\"https:\/\/silagesafe.dk\/\",\"name\":\"Silage Safe Denmark\",\"description\":\"\",\"potentialAction\":[{\"@type\":\"SearchAction\",\"target\":{\"@type\":\"EntryPoint\",\"urlTemplate\":\"https:\/\/silagesafe.dk\/?s={search_term_string}\"},\"query-input\":{\"@type\":\"PropertyValueSpecification\",\"valueRequired\":true,\"valueName\":\"search_term_string\"}}],\"inLanguage\":\"sv-SE\"}]}<\/script>\n<!-- \/ Yoast SEO plugin. -->","yoast_head_json":{"title":"Ansvarsfraskrivelse - Silage Safe Denmark","robots":{"index":"index","follow":"follow","max-snippet":"max-snippet:-1","max-image-preview":"max-image-preview:large","max-video-preview":"max-video-preview:-1"},"canonical":"https:\/\/silagesafe.dk\/sv\/ansvarsfraskrivelse\/","og_locale":"sv_SE","og_type":"article","og_title":"Ansvarsfraskrivelse - Silage Safe Denmark","og_description":"Oplysningerne p\u00e5 dette websted er indsamlet med den st\u00f8rste omhu og opm\u00e6rksomhed. Ikke desto mindre kan Silage Safe ikke garantere n\u00f8jagtigheden eller fuldst\u00e6ndigheden af oplysningerne. Der kan ikke udledes nogen rettigheder af de givne oplysninger. Silage Safe p\u00e5tager sig intet ansvar for un\u00f8jagtigheder eller udeladelser p\u00e5 dette websted. Dette websted indeholder links til eksterne websteder. [&hellip;]","og_url":"https:\/\/silagesafe.dk\/sv\/ansvarsfraskrivelse\/","og_site_name":"Silage Safe Denmark","article_modified_time":"2025-11-20T23:04:13+00:00","twitter_card":"summary_large_image","twitter_misc":{"Ber\u00e4knad l\u00e4stid":"1 minute"},"schema":{"@context":"https:\/\/schema.org","@graph":[{"@type":"WebPage","@id":"https:\/\/silagesafe.dk\/ansvarsfraskrivelse\/","url":"https:\/\/silagesafe.dk\/ansvarsfraskrivelse\/","name":"Ansvarsfraskrivelse - Silage Safe Denmark","isPartOf":{"@id":"https:\/\/silagesafe.dk\/#website"},"datePublished":"2024-02-29T11:39:09+00:00","dateModified":"2025-11-20T23:04:13+00:00","breadcrumb":{"@id":"https:\/\/silagesafe.dk\/ansvarsfraskrivelse\/#breadcrumb"},"inLanguage":"sv-SE","potentialAction":[{"@type":"ReadAction","target":["https:\/\/silagesafe.dk\/ansvarsfraskrivelse\/"]}]},{"@type":"BreadcrumbList","@id":"https:\/\/silagesafe.dk\/ansvarsfraskrivelse\/#breadcrumb","itemListElement":[{"@type":"ListItem","position":1,"name":"Home","item":"https:\/\/silagesafe.dk\/"},{"@type":"ListItem","position":2,"name":"Ansvarsfraskrivelse"}]},{"@type":"WebSite","@id":"https:\/\/silagesafe.dk\/#website","url":"https:\/\/silagesafe.dk\/","name":"Silage Safe Denmark","description":"","potentialAction":[{"@type":"SearchAction","target":{"@type":"EntryPoint","urlTemplate":"https:\/\/silagesafe.dk\/?s={search_term_string}"},"query-input":{"@type":"PropertyValueSpecification","valueRequired":true,"valueName":"search_term_string"}}],"inLanguage":"sv-SE"}]}},"_links":{"self":[{"href":"https:\/\/silagesafe.dk\/sv\/wp-json\/wp\/v2\/pages\/4649","targetHints":{"allow":["GET"]}}],"collection":[{"href":"https:\/\/silagesafe.dk\/sv\/wp-json\/wp\/v2\/pages"}],"about":[{"href":"https:\/\/silagesafe.dk\/sv\/wp-json\/wp\/v2\/types\/page"}],"author":[{"embeddable":true,"href":"https:\/\/silagesafe.dk\/sv\/wp-json\/wp\/v2\/users\/1"}],"replies":[{"embeddable":true,"href":"https:\/\/silagesafe.dk\/sv\/wp-json\/wp\/v2\/comments?post=4649"}],"version-history":[{"count":0,"href":"https:\/\/silagesafe.dk\/sv\/wp-json\/wp\/v2\/pages\/4649\/revisions"}],"wp:attachment":[{"href":"https:\/\/silagesafe.dk\/sv\/wp-json\/wp\/v2\/media?parent=4649"}],"curies":[{"name":"wp","href":"https:\/\/api.w.org\/{rel}","templated":true}]}}